{"id":645,"date":"2024-01-12T17:02:00","date_gmt":"2024-01-12T22:02:00","guid":{"rendered":"https:\/\/www.famisalud.com.pe\/wordpress\/?page_id=645"},"modified":"2024-01-12T17:11:20","modified_gmt":"2024-01-12T22:11:20","slug":"terminos-y-condiciones","status":"publish","type":"page","link":"https:\/\/www.famisalud.com.pe\/wordpress\/terminos-y-condiciones\/","title":{"rendered":"T\u00e9rminos y condiciones"},"content":{"rendered":"\t\t<div data-elementor-type=\"wp-page\" data-elementor-id=\"645\" class=\"elementor elementor-645\" data-elementor-post-type=\"page\">\n\t\t\t\t\t\t\t\t\t<section class=\"elementor-section elementor-top-section elementor-element elementor-element-1b60fe7f elementor-section-content-top elementor-section-boxed elementor-section-height-default elementor-section-height-default\" data-id=\"1b60fe7f\" data-element_type=\"section\" data-settings=\"{&quot;shape_divider_top&quot;:&quot;tilt&quot;,&quot;shape_divider_bottom&quot;:&quot;tilt&quot;,&quot;background_background&quot;:&quot;classic&quot;}\">\n\t\t\t\t\t<div class=\"elementor-shape elementor-shape-top\" data-negative=\"false\">\n\t\t\t<svg xmlns=\"http:\/\/www.w3.org\/2000\/svg\" viewBox=\"0 0 1000 100\" preserveAspectRatio=\"none\">\n\t<path class=\"elementor-shape-fill\" d=\"M0,6V0h1000v100L0,6z\"\/>\n<\/svg>\t\t<\/div>\n\t\t\t\t<div class=\"elementor-shape elementor-shape-bottom\" data-negative=\"false\">\n\t\t\t<svg xmlns=\"http:\/\/www.w3.org\/2000\/svg\" viewBox=\"0 0 1000 100\" preserveAspectRatio=\"none\">\n\t<path class=\"elementor-shape-fill\" d=\"M0,6V0h1000v100L0,6z\"\/>\n<\/svg>\t\t<\/div>\n\t\t\t\t\t<div class=\"elementor-container elementor-column-gap-wider\">\n\t\t\t\t\t<div class=\"elementor-column elementor-col-100 elementor-top-column elementor-element elementor-element-2471069\" data-id=\"2471069\" data-element_type=\"column\">\n\t\t\t<div class=\"elementor-widget-wrap elementor-element-populated\">\n\t\t\t\t\t\t\t\t<div class=\"elementor-element elementor-element-6956765c animated-slow elementor-invisible elementor-widget elementor-widget-heading\" data-id=\"6956765c\" data-element_type=\"widget\" data-settings=\"{&quot;_animation&quot;:&quot;fadeInUp&quot;}\" data-widget_type=\"heading.default\">\n\t\t\t\t<div class=\"elementor-widget-container\">\n\t\t\t<style>\/*! elementor - v3.18.0 - 20-12-2023 *\/\n.elementor-heading-title{padding:0;margin:0;line-height:1}.elementor-widget-heading .elementor-heading-title[class*=elementor-size-]>a{color:inherit;font-size:inherit;line-height:inherit}.elementor-widget-heading .elementor-heading-title.elementor-size-small{font-size:15px}.elementor-widget-heading .elementor-heading-title.elementor-size-medium{font-size:19px}.elementor-widget-heading .elementor-heading-title.elementor-size-large{font-size:29px}.elementor-widget-heading .elementor-heading-title.elementor-size-xl{font-size:39px}.elementor-widget-heading .elementor-heading-title.elementor-size-xxl{font-size:59px}<\/style><h2 class=\"elementor-heading-title elementor-size-default\">T\u00c9RMINOS Y CONDICIONES<\/h2>\t\t<\/div>\n\t\t\t\t<\/div>\n\t\t\t\t<div class=\"elementor-element elementor-element-5d62dcd4 elementor-invisible elementor-widget elementor-widget-spacer\" data-id=\"5d62dcd4\" data-element_type=\"widget\" data-settings=\"{&quot;_animation&quot;:&quot;fadeInDown&quot;}\" data-widget_type=\"spacer.default\">\n\t\t\t\t<div class=\"elementor-widget-container\">\n\t\t\t<style>\/*! elementor - v3.18.0 - 20-12-2023 *\/\n.elementor-column .elementor-spacer-inner{height:var(--spacer-size)}.e-con{--container-widget-width:100%}.e-con-inner>.elementor-widget-spacer,.e-con>.elementor-widget-spacer{width:var(--container-widget-width,var(--spacer-size));--align-self:var(--container-widget-align-self,initial);--flex-shrink:0}.e-con-inner>.elementor-widget-spacer>.elementor-widget-container,.e-con>.elementor-widget-spacer>.elementor-widget-container{height:100%;width:100%}.e-con-inner>.elementor-widget-spacer>.elementor-widget-container>.elementor-spacer,.e-con>.elementor-widget-spacer>.elementor-widget-container>.elementor-spacer{height:100%}.e-con-inner>.elementor-widget-spacer>.elementor-widget-container>.elementor-spacer>.elementor-spacer-inner,.e-con>.elementor-widget-spacer>.elementor-widget-container>.elementor-spacer>.elementor-spacer-inner{height:var(--container-widget-height,var(--spacer-size))}.e-con-inner>.elementor-widget-spacer.elementor-widget-empty,.e-con>.elementor-widget-spacer.elementor-widget-empty{position:relative;min-height:22px;min-width:22px}.e-con-inner>.elementor-widget-spacer.elementor-widget-empty .elementor-widget-empty-icon,.e-con>.elementor-widget-spacer.elementor-widget-empty .elementor-widget-empty-icon{position:absolute;top:0;bottom:0;left:0;right:0;margin:auto;padding:0;width:22px;height:22px}<\/style>\t\t<div class=\"elementor-spacer\">\n\t\t\t<div class=\"elementor-spacer-inner\"><\/div>\n\t\t<\/div>\n\t\t\t\t<\/div>\n\t\t\t\t<\/div>\n\t\t\t\t<div class=\"elementor-element elementor-element-30046308 animated-slow elementor-invisible elementor-widget elementor-widget-heading\" data-id=\"30046308\" data-element_type=\"widget\" data-settings=\"{&quot;_animation&quot;:&quot;fadeInUp&quot;}\" data-widget_type=\"heading.default\">\n\t\t\t\t<div class=\"elementor-widget-container\">\n\t\t\t<span class=\"elementor-heading-title elementor-size-default\">T\u00e9rminos y Condiciones del uso del sitio web<\/span>\t\t<\/div>\n\t\t\t\t<\/div>\n\t\t\t\t<div class=\"elementor-element elementor-element-68447148 elementor-widget elementor-widget-text-editor\" data-id=\"68447148\" data-element_type=\"widget\" data-widget_type=\"text-editor.default\">\n\t\t\t\t<div class=\"elementor-widget-container\">\n\t\t\t<style>\/*! elementor - v3.18.0 - 20-12-2023 *\/\n.elementor-widget-text-editor.elementor-drop-cap-view-stacked .elementor-drop-cap{background-color:#69727d;color:#fff}.elementor-widget-text-editor.elementor-drop-cap-view-framed .elementor-drop-cap{color:#69727d;border:3px solid;background-color:transparent}.elementor-widget-text-editor:not(.elementor-drop-cap-view-default) .elementor-drop-cap{margin-top:8px}.elementor-widget-text-editor:not(.elementor-drop-cap-view-default) .elementor-drop-cap-letter{width:1em;height:1em}.elementor-widget-text-editor .elementor-drop-cap{float:left;text-align:center;line-height:1;font-size:50px}.elementor-widget-text-editor .elementor-drop-cap-letter{display:inline-block}<\/style>\t\t\t\t<p>ESTOS T\u00c9RMINOS DE USO SON UN ACUERDO LEGAL ENTRE USTED Y SERVICIOS MEDICOS INTEGRALES FAMISALUD S.A.C. (en lo sucesivo, \u00abLa Cl\u00ednica FamiSalud\u00bb), la direcci\u00f3n es AV. AREQUIPA N\u00b0 067 LIMA &#8211; LIMA &#8211; MIRAFLORES &#8211; PER\u00da, SITIO WEB CL\u00cdNICA FAMISALUD (www.famisalud.com.pe) define las condiciones bajo las cuales usted podr\u00e1 acceder y utilizar los servicios y funcionalidades disponibles.<\/p><p>Al acceder o utilizar el Servicio, usted acepta estar sujeto a estos T\u00e9rminos y nuestra Pol\u00edtica de privacidad. SI NO ACEPTA ESTOS T\u00c9RMINOS, NO ACCEDA NI UTILICE EL SITIO WEB.<\/p><p>Al utilizar el sitio web, usted declara y garantiza que: Adem\u00e1s, si nos proporciona informaci\u00f3n como resultado del uso del sitio web, esa informaci\u00f3n ser\u00e1 verdadera y precisa. Proporcionar informaci\u00f3n falsa, enga\u00f1osa o inexacta puede dar lugar a responsabilidades civiles y penales. Si tienes alguna duda al respecto, te animamos a que consultes a tu asesor legal.<\/p><p>El acceso y uso del Sitio Web otorga al Visitante la condici\u00f3n de Usuario (\u201cUsuario\u201d) y declara expresamente que conoce todos los t\u00e9rminos, regulaciones, instrucciones, responsabilidades y pol\u00edticas contenidas en estos T\u00e9rminos. aceptar. Por tanto, los usuarios deben leer atentamente las presentes condiciones cada vez que accedan al sitio web ya los servicios. Estos t\u00e9rminos est\u00e1n sujetos a cambios o actualizaciones sin previo aviso debido a nuevos requisitos legales o requisitos internos para cumplir con las mejores pr\u00e1cticas comerciales.<\/p>\t\t\t\t\t\t<\/div>\n\t\t\t\t<\/div>\n\t\t\t\t<div class=\"elementor-element elementor-element-3f05815 animated-slow elementor-invisible elementor-widget elementor-widget-heading\" data-id=\"3f05815\" data-element_type=\"widget\" data-settings=\"{&quot;_animation&quot;:&quot;fadeInUp&quot;}\" data-widget_type=\"heading.default\">\n\t\t\t\t<div class=\"elementor-widget-container\">\n\t\t\t<span class=\"elementor-heading-title elementor-size-default\">Finalidad del Sitio Web<\/span>\t\t<\/div>\n\t\t\t\t<\/div>\n\t\t\t\t<div class=\"elementor-element elementor-element-5a57969 elementor-widget elementor-widget-text-editor\" data-id=\"5a57969\" data-element_type=\"widget\" data-widget_type=\"text-editor.default\">\n\t\t\t\t<div class=\"elementor-widget-container\">\n\t\t\t\t\t\t\t<p>El presente sitio tiene por objeto facilitar a los pacientes, usuarios y p\u00fablico en general (en adelante \u00abUsuarios\u00bb o \u00abUsuarios\u00bb) una navegaci\u00f3n sencilla y directa para encontrar y conocer LA CL\u00cdNICA FAMISALUD y toda la informaci\u00f3n relacionada. productos y\/o servicios m\u00e9dicos; tambi\u00e9n incluye informaci\u00f3n y noticias m\u00e9dicas relacionadas con el p\u00fablico en general.<\/p><p>La informaci\u00f3n y el contenido en el sitio web, incluidos, entre otros, texto, gr\u00e1ficos, im\u00e1genes, videos y otros materiales contenidos en el mismo, tienen solo fines informativos y no est\u00e1n destinados a brindar asesoramiento m\u00e9dico profesional, apoyo, no es un sustituto del diagn\u00f3stico. o tratamiento. Los usuarios siempre deben buscar el consejo de un m\u00e9dico si tienen preguntas sobre su atenci\u00f3n m\u00e9dica, y no deben ignorar ni retrasar el consejo m\u00e9dico profesional debido a lo que han le\u00eddo o aprendido en el Sitio. Nada en el Sitio pretende constituir un diagn\u00f3stico o tratamiento m\u00e9dico.<\/p><p>LA CL\u00cdNICA FAMISALUD no garantiza la exactitud, integridad, actualidad o utilidad de cualquier contenido, caracter\u00edsticas, servicios, blogs, promociones u otra informaci\u00f3n ofrecida a trav\u00e9s del sitio web.<\/p>\t\t\t\t\t\t<\/div>\n\t\t\t\t<\/div>\n\t\t\t\t<div class=\"elementor-element elementor-element-5d6caea animated-slow elementor-invisible elementor-widget elementor-widget-heading\" data-id=\"5d6caea\" data-element_type=\"widget\" data-settings=\"{&quot;_animation&quot;:&quot;fadeInUp&quot;}\" data-widget_type=\"heading.default\">\n\t\t\t\t<div class=\"elementor-widget-container\">\n\t\t\t<span class=\"elementor-heading-title elementor-size-default\">Condiciones del Sitio Web<\/span>\t\t<\/div>\n\t\t\t\t<\/div>\n\t\t\t\t<div class=\"elementor-element elementor-element-9ef636a elementor-widget elementor-widget-text-editor\" data-id=\"9ef636a\" data-element_type=\"widget\" data-widget_type=\"text-editor.default\">\n\t\t\t\t<div class=\"elementor-widget-container\">\n\t\t\t\t\t\t\t<p>El usuario acepta que el uso del sitio web requiere una conexi\u00f3n a Internet. En este sentido, el usuario acepta que LA CL\u00cdNICA FAMISALUD no ser\u00e1 responsable de los problemas de conexi\u00f3n que limiten, restrinjan o impidan el uso del sitio web.<\/p><p>Los usuarios entienden que este sitio web puede ser utilizado por el p\u00fablico en general mediante una conexi\u00f3n web. No obstante, LA CLINICA FAMISALUD solo recomienda su uso a mayores de 18 a\u00f1os.<\/p><p>La normativa vigente proh\u00edbe la utilizaci\u00f3n del sitio web por parte de los usuarios con fines contrarios al orden p\u00fablico ya la moral.<\/p><p>Podemos enviarle avisos de servicio, mensajes administrativos y otra informaci\u00f3n relacionada con su uso del Sitio o los Servicios. Es responsabilidad del usuario mantener actualizados los datos registrados en el sitio web.<\/p><p>Si una de las disposiciones contenidas en estos T\u00e9rminos de uso es declarada ilegal, nula o nula, las disposiciones restantes permanecer\u00e1n en pleno vigor y efecto y se aplicar\u00e1n en todos los casos.<\/p><p>LA CL\u00cdNICA FAMISALUD est\u00e1 en constante cambio y mejora de su sitio web. Como resultado, podemos agregar o eliminar ciertas funciones, funciones o t\u00e9rminos, o suspender o cancelar, temporal o permanentemente, sin previo aviso.<\/p>\t\t\t\t\t\t<\/div>\n\t\t\t\t<\/div>\n\t\t\t\t<div class=\"elementor-element elementor-element-dfeb031 animated-slow elementor-invisible elementor-widget elementor-widget-heading\" data-id=\"dfeb031\" data-element_type=\"widget\" data-settings=\"{&quot;_animation&quot;:&quot;fadeInUp&quot;}\" data-widget_type=\"heading.default\">\n\t\t\t\t<div class=\"elementor-widget-container\">\n\t\t\t<span class=\"elementor-heading-title elementor-size-default\">Enlaces<\/span>\t\t<\/div>\n\t\t\t\t<\/div>\n\t\t\t\t<div class=\"elementor-element elementor-element-84fe507 elementor-widget elementor-widget-text-editor\" data-id=\"84fe507\" data-element_type=\"widget\" data-widget_type=\"text-editor.default\">\n\t\t\t\t<div class=\"elementor-widget-container\">\n\t\t\t\t\t\t\t<p>Este sitio web puede contener enlaces a otros sitios web controlados o proporcionados por terceros (que no est\u00e1n afiliados a LA CL\u00cdNICA FAMISALUD). LA CL\u00cdNICA FAMISALUD SE RENUNCIA A RESPONSABILIDAD POR CUALQUIER INFORMACI\u00d3N, MATERIALES, PRODUCTOS O SERVICIOS MOSTRADOS U OFRECIDOS EN SITIOS WEB DE TERCEROS, INCLUIDOS LOS ENLACES A ESTE SITIO WEB. Al crear un enlace a un sitio web de terceros, LA CL\u00cdNICA FAMISALUD no avala ni recomienda los productos o servicios ofrecidos ni la informaci\u00f3n contenida en los mismos. Dichos sitios web pueden estar sujetos a t\u00e9rminos de uso y pol\u00edticas de privacidad diferentes a los del sitio web de LA CL\u00cdNICA FAMISALUD y pueden ser menos seguros que el sitio web de LA CL\u00cdNICA FAMISALUD.<\/p>\t\t\t\t\t\t<\/div>\n\t\t\t\t<\/div>\n\t\t\t\t<div class=\"elementor-element elementor-element-a62b764 animated-slow elementor-invisible elementor-widget elementor-widget-heading\" data-id=\"a62b764\" data-element_type=\"widget\" data-settings=\"{&quot;_animation&quot;:&quot;fadeInUp&quot;}\" data-widget_type=\"heading.default\">\n\t\t\t\t<div class=\"elementor-widget-container\">\n\t\t\t<span class=\"elementor-heading-title elementor-size-default\">Pol\u00edtica de Protecci\u00f3n de Datos Personales<\/span>\t\t<\/div>\n\t\t\t\t<\/div>\n\t\t\t\t<div class=\"elementor-element elementor-element-a1fa6fe elementor-widget elementor-widget-text-editor\" data-id=\"a1fa6fe\" data-element_type=\"widget\" data-widget_type=\"text-editor.default\">\n\t\t\t\t<div class=\"elementor-widget-container\">\n\t\t\t\t\t\t\t<p>Entendemos lo importante que es para nuestros usuarios saber c\u00f3mo usan y comparten su informaci\u00f3n personal. Explica c\u00f3mo manejamos los datos personales y c\u00f3mo protegemos sus datos cuando utiliza nuestros servicios. Al usar nuestros servicios, usted acepta que LA CL\u00cdNICA use esta informaci\u00f3n de acuerdo con la Pol\u00edtica de privacidad de LA CL\u00cdNICA publicada en su sitio web.<\/p>\t\t\t\t\t\t<\/div>\n\t\t\t\t<\/div>\n\t\t\t\t<div class=\"elementor-element elementor-element-3a34c31 animated-slow elementor-invisible elementor-widget elementor-widget-heading\" data-id=\"3a34c31\" data-element_type=\"widget\" data-settings=\"{&quot;_animation&quot;:&quot;fadeInUp&quot;}\" data-widget_type=\"heading.default\">\n\t\t\t\t<div class=\"elementor-widget-container\">\n\t\t\t<span class=\"elementor-heading-title elementor-size-default\">Modificaciones<\/span>\t\t<\/div>\n\t\t\t\t<\/div>\n\t\t\t\t<div class=\"elementor-element elementor-element-cdae384 elementor-widget elementor-widget-text-editor\" data-id=\"cdae384\" data-element_type=\"widget\" data-widget_type=\"text-editor.default\">\n\t\t\t\t<div class=\"elementor-widget-container\">\n\t\t\t\t\t\t\t<main id=\"main\"><div id=\"content-data\"><div class=\"container politics\"><p>Estos T\u00e9rminos fueron actualizados el 5 de septiembre de 2022 y est\u00e1n sujetos a cambios por parte de LA CL\u00cdNICA. Cualquier cambio o modificaci\u00f3n ser\u00e1 publicado en nuestro portal web (www.famisalud.com.pe).<\/p><\/div><\/div><\/main>\t\t\t\t\t\t<\/div>\n\t\t\t\t<\/div>\n\t\t\t\t\t<\/div>\n\t\t<\/div>\n\t\t\t\t\t\t\t<\/div>\n\t\t<\/section>\n\t\t\t\t\t\t\t<\/div>\n\t\t","protected":false},"excerpt":{"rendered":"<p>T\u00c9RMINOS Y CONDICIONES T\u00e9rminos y Condiciones del uso del sitio web ESTOS T\u00c9RMINOS DE USO SON UN ACUERDO LEGAL ENTRE USTED Y SERVICIOS MEDICOS INTEGRALES FAMISALUD S.A.C. (en lo sucesivo, \u00abLa Cl\u00ednica FamiSalud\u00bb), la direcci\u00f3n es AV. AREQUIPA N\u00b0 067 LIMA &#8211; LIMA &#8211; MIRAFLORES &#8211; PER\u00da, SITIO WEB CL\u00cdNICA FAMISALUD (www.famisalud.com.pe) define las condiciones &hellip;<\/p>\n<p class=\"read-more\"> <a class=\"\" href=\"https:\/\/www.famisalud.com.pe\/wordpress\/terminos-y-condiciones\/\"> <span class=\"screen-reader-text\">T\u00e9rminos y condiciones<\/span> Read More &raquo;<\/a><\/p>\n","protected":false},"author":1,"featured_media":0,"parent":0,"menu_order":0,"comment_status":"closed","ping_status":"closed","template":"","meta":{"site-sidebar-layout":"no-sidebar","site-content-layout":"","ast-site-content-layout":"full-width-container","site-content-style":"default","site-sidebar-style":"default","ast-global-header-display":"","ast-banner-title-visibility":"","ast-main-header-display":"","ast-hfb-above-header-display":"","ast-hfb-below-header-display":"","ast-hfb-mobile-header-display":"","site-post-title":"disabled","ast-breadcrumbs-content":"","ast-featured-img":"disabled","footer-sml-layout":"","theme-transparent-header-meta":"","adv-header-id-meta":"","stick-header-meta":"","header-above-stick-meta":"","header-main-stick-meta":"","header-below-stick-meta":"","astra-migrate-meta-layouts":"default","ast-page-background-enabled":"default","ast-page-background-meta":{"desktop":{"background-color":"var(--ast-global-color-4)","background-image":"","background-repeat":"repeat","background-position":"center center","background-size":"auto","background-attachment":"scroll","background-type":"","background-media":"","overlay-type":"","overlay-color":"","overlay-gradient":""},"tablet":{"background-color":"","background-image":"","background-repeat":"repeat","background-position":"center center","background-size":"auto","background-attachment":"scroll","background-type":"","background-media":"","overlay-type":"","overlay-color":"","overlay-gradient":""},"mobile":{"background-color":"","background-image":"","background-repeat":"repeat","background-position":"center center","background-size":"auto","background-attachment":"scroll","background-type":"","background-media":"","overlay-type":"","overlay-color":"","overlay-gradient":""}},"ast-content-background-meta":{"desktop":{"background-color":"var(--ast-global-color-5)","background-image":"","background-repeat":"repeat","background-position":"center center","background-size":"auto","background-attachment":"scroll","background-type":"","background-media":"","overlay-type":"","overlay-color":"","overlay-gradient":""},"tablet":{"background-color":"var(--ast-global-color-5)","background-image":"","background-repeat":"repeat","background-position":"center center","background-size":"auto","background-attachment":"scroll","background-type":"","background-media":"","overlay-type":"","overlay-color":"","overlay-gradient":""},"mobile":{"background-color":"var(--ast-global-color-5)","background-image":"","background-repeat":"repeat","background-position":"center center","background-size":"auto","background-attachment":"scroll","background-type":"","background-media":"","overlay-type":"","overlay-color":"","overlay-gradient":""}},"_joinchat":[],"footnotes":""},"class_list":["post-645","page","type-page","status-publish","hentry"],"aioseo_notices":[],"_links":{"self":[{"href":"https:\/\/www.famisalud.com.pe\/wordpress\/wp-json\/wp\/v2\/pages\/645","targetHints":{"allow":["GET"]}}],"collection":[{"href":"https:\/\/www.famisalud.com.pe\/wordpress\/wp-json\/wp\/v2\/pages"}],"about":[{"href":"https:\/\/www.famisalud.com.pe\/wordpress\/wp-json\/wp\/v2\/types\/page"}],"author":[{"embeddable":true,"href":"https:\/\/www.famisalud.com.pe\/wordpress\/wp-json\/wp\/v2\/users\/1"}],"replies":[{"embeddable":true,"href":"https:\/\/www.famisalud.com.pe\/wordpress\/wp-json\/wp\/v2\/comments?post=645"}],"version-history":[{"count":5,"href":"https:\/\/www.famisalud.com.pe\/wordpress\/wp-json\/wp\/v2\/pages\/645\/revisions"}],"predecessor-version":[{"id":651,"href":"https:\/\/www.famisalud.com.pe\/wordpress\/wp-json\/wp\/v2\/pages\/645\/revisions\/651"}],"wp:attachment":[{"href":"https:\/\/www.famisalud.com.pe\/wordpress\/wp-json\/wp\/v2\/media?parent=645"}],"curies":[{"name":"wp","href":"https:\/\/api.w.org\/{rel}","templated":true}]}}