{"id":105,"date":"2024-01-01T23:23:12","date_gmt":"2024-01-02T04:23:12","guid":{"rendered":"https:\/\/www.famisalud.com.pe\/wordpress\/?page_id=105"},"modified":"2025-01-16T18:36:08","modified_gmt":"2025-01-16T23:36:08","slug":"blog","status":"publish","type":"page","link":"https:\/\/www.famisalud.com.pe\/wordpress\/blog\/","title":{"rendered":"Blog"},"content":{"rendered":"\t\t<div data-elementor-type=\"wp-page\" data-elementor-id=\"105\" class=\"elementor elementor-105\" data-elementor-post-type=\"page\">\n\t\t\t\t\t\t\t\t\t<section class=\"elementor-section elementor-top-section elementor-element elementor-element-c2e9100 elementor-section-stretched elementor-section-height-min-height elementor-section-boxed elementor-section-height-default elementor-section-items-middle\" data-id=\"c2e9100\" data-element_type=\"section\" data-settings=\"{&quot;stretch_section&quot;:&quot;section-stretched&quot;,&quot;background_background&quot;:&quot;classic&quot;}\">\n\t\t\t\t\t\t<div class=\"elementor-container elementor-column-gap-default\">\n\t\t\t\t\t<div class=\"elementor-column elementor-col-100 elementor-top-column elementor-element elementor-element-5dd4d639\" data-id=\"5dd4d639\" data-element_type=\"column\">\n\t\t\t<div class=\"elementor-widget-wrap elementor-element-populated\">\n\t\t\t\t\t\t\t\t<section class=\"elementor-section elementor-inner-section elementor-element elementor-element-772c639b elementor-section-boxed elementor-section-height-default elementor-section-height-default\" data-id=\"772c639b\" data-element_type=\"section\">\n\t\t\t\t\t\t<div class=\"elementor-container elementor-column-gap-default\">\n\t\t\t\t\t<div class=\"elementor-column elementor-col-100 elementor-inner-column elementor-element elementor-element-b5e266d\" data-id=\"b5e266d\" data-element_type=\"column\">\n\t\t\t<div class=\"elementor-widget-wrap elementor-element-populated\">\n\t\t\t\t\t\t\t\t<div class=\"elementor-element elementor-element-584240b1 elementor-invisible elementor-widget elementor-widget-heading\" data-id=\"584240b1\" data-element_type=\"widget\" data-settings=\"{&quot;_animation&quot;:&quot;fadeInUp&quot;}\" data-widget_type=\"heading.default\">\n\t\t\t\t<div class=\"elementor-widget-container\">\n\t\t\t<style>\/*! elementor - v3.18.0 - 20-12-2023 *\/\n.elementor-heading-title{padding:0;margin:0;line-height:1}.elementor-widget-heading .elementor-heading-title[class*=elementor-size-]>a{color:inherit;font-size:inherit;line-height:inherit}.elementor-widget-heading .elementor-heading-title.elementor-size-small{font-size:15px}.elementor-widget-heading .elementor-heading-title.elementor-size-medium{font-size:19px}.elementor-widget-heading .elementor-heading-title.elementor-size-large{font-size:29px}.elementor-widget-heading .elementor-heading-title.elementor-size-xl{font-size:39px}.elementor-widget-heading .elementor-heading-title.elementor-size-xxl{font-size:59px}<\/style><h2 class=\"elementor-heading-title elementor-size-default\">Explora las \u00faltimas novedades en nuestro blog<\/h2>\t\t<\/div>\n\t\t\t\t<\/div>\n\t\t\t\t\t<\/div>\n\t\t<\/div>\n\t\t\t\t\t\t\t<\/div>\n\t\t<\/section>\n\t\t\t\t<div class=\"elementor-element elementor-element-90c72f0 elementor-invisible elementor-widget elementor-widget-text-editor\" data-id=\"90c72f0\" data-element_type=\"widget\" data-settings=\"{&quot;_animation&quot;:&quot;fadeInUp&quot;}\" data-widget_type=\"text-editor.default\">\n\t\t\t\t<div class=\"elementor-widget-container\">\n\t\t\t<style>\/*! elementor - v3.18.0 - 20-12-2023 *\/\n.elementor-widget-text-editor.elementor-drop-cap-view-stacked .elementor-drop-cap{background-color:#69727d;color:#fff}.elementor-widget-text-editor.elementor-drop-cap-view-framed .elementor-drop-cap{color:#69727d;border:3px solid;background-color:transparent}.elementor-widget-text-editor:not(.elementor-drop-cap-view-default) .elementor-drop-cap{margin-top:8px}.elementor-widget-text-editor:not(.elementor-drop-cap-view-default) .elementor-drop-cap-letter{width:1em;height:1em}.elementor-widget-text-editor .elementor-drop-cap{float:left;text-align:center;line-height:1;font-size:50px}.elementor-widget-text-editor .elementor-drop-cap-letter{display:inline-block}<\/style>\t\t\t\t<p>Descubre consejos de salud, noticias y m\u00e1s.<\/p>\t\t\t\t\t\t<\/div>\n\t\t\t\t<\/div>\n\t\t\t\t\t<\/div>\n\t\t<\/div>\n\t\t\t\t\t\t\t<\/div>\n\t\t<\/section>\n\t\t\t\t<section class=\"elementor-section elementor-top-section elementor-element elementor-element-b3f6c79 elementor-section-boxed elementor-section-height-default elementor-section-height-default\" data-id=\"b3f6c79\" data-element_type=\"section\">\n\t\t\t\t\t\t<div class=\"elementor-container elementor-column-gap-default\">\n\t\t\t\t\t<div class=\"elementor-column elementor-col-25 elementor-top-column elementor-element elementor-element-2e98f6c7\" data-id=\"2e98f6c7\" data-element_type=\"column\">\n\t\t\t<div class=\"elementor-widget-wrap elementor-element-populated\">\n\t\t\t\t\t\t\t\t<section class=\"elementor-section elementor-inner-section elementor-element elementor-element-32b3ff81 elementor-section-boxed elementor-section-height-default elementor-section-height-default\" data-id=\"32b3ff81\" data-element_type=\"section\">\n\t\t\t\t\t\t<div class=\"elementor-container elementor-column-gap-default\">\n\t\t\t\t\t<div class=\"elementor-column elementor-col-100 elementor-inner-column elementor-element elementor-element-3fe31860 elementor-invisible\" data-id=\"3fe31860\" data-element_type=\"column\" data-settings=\"{&quot;animation&quot;:&quot;fadeInUp&quot;}\">\n\t\t\t<div class=\"elementor-widget-wrap elementor-element-populated\">\n\t\t\t\t\t\t\t\t<div class=\"elementor-element elementor-element-6b923aa7 elementor-widget elementor-widget-image\" data-id=\"6b923aa7\" data-element_type=\"widget\" data-widget_type=\"image.default\">\n\t\t\t\t<div class=\"elementor-widget-container\">\n\t\t\t<style>\/*! elementor - v3.18.0 - 20-12-2023 *\/\n.elementor-widget-image{text-align:center}.elementor-widget-image a{display:inline-block}.elementor-widget-image a img[src$=\".svg\"]{width:48px}.elementor-widget-image img{vertical-align:middle;display:inline-block}<\/style>\t\t\t\t\t\t\t\t\t\t\t\t\t<a href=\"https:\/\/www.famisalud.com.pe\/wordpress\/2025\/01\/16\/famisalud-presente-en-lima-corre-10k-por-el-490-aniversario-de-lima\/\">\n\t\t\t\t\t\t\t<img fetchpriority=\"high\" decoding=\"async\" width=\"300\" height=\"212\" src=\"https:\/\/www.famisalud.com.pe\/wordpress\/wp-content\/uploads\/2025\/01\/376619202_694194719402563_8583259318622247555_n-300x212.jpg\" class=\"attachment-medium size-medium wp-image-1594\" alt=\"\" srcset=\"https:\/\/www.famisalud.com.pe\/wordpress\/wp-content\/uploads\/2025\/01\/376619202_694194719402563_8583259318622247555_n-300x212.jpg 300w, https:\/\/www.famisalud.com.pe\/wordpress\/wp-content\/uploads\/2025\/01\/376619202_694194719402563_8583259318622247555_n-1024x724.jpg 1024w, https:\/\/www.famisalud.com.pe\/wordpress\/wp-content\/uploads\/2025\/01\/376619202_694194719402563_8583259318622247555_n-768x543.jpg 768w, https:\/\/www.famisalud.com.pe\/wordpress\/wp-content\/uploads\/2025\/01\/376619202_694194719402563_8583259318622247555_n-1536x1086.jpg 1536w, https:\/\/www.famisalud.com.pe\/wordpress\/wp-content\/uploads\/2025\/01\/376619202_694194719402563_8583259318622247555_n.jpg 2000w\" sizes=\"(max-width: 300px) 100vw, 300px\" \/>\t\t\t\t\t\t\t\t<\/a>\n\t\t\t\t\t\t\t\t\t\t\t\t\t\t\t<\/div>\n\t\t\t\t<\/div>\n\t\t\t\t<div class=\"elementor-element elementor-element-650d3979 elementor-widget elementor-widget-heading\" data-id=\"650d3979\" data-element_type=\"widget\" data-widget_type=\"heading.default\">\n\t\t\t\t<div class=\"elementor-widget-container\">\n\t\t\t<h2 class=\"elementor-heading-title elementor-size-default\"><a href=\"https:\/\/www.famisalud.com.pe\/wordpress\/2025\/01\/16\/famisalud-presente-en-lima-corre-10k-por-el-490-aniversario-de-lima\/\">FamiSalud presente en Lima Corre 10K: Por el 490 Aniversario de Lima<\/a><\/h2>\t\t<\/div>\n\t\t\t\t<\/div>\n\t\t\t\t<div class=\"elementor-element elementor-element-3c352803 elementor-widget elementor-widget-text-editor\" data-id=\"3c352803\" data-element_type=\"widget\" data-widget_type=\"text-editor.default\">\n\t\t\t\t<div class=\"elementor-widget-container\">\n\t\t\t\t\t\t\t<p>FamiSalud estar\u00e1 presente en Lima Corre 10K, este domingo 19 de enero, en honor al 490 aniversario de nuestra capital. Prep\u00e1rate para descubrir los servicios y sorpresas que tenemos preparados para todos los participantes.<\/p>\t\t\t\t\t\t<\/div>\n\t\t\t\t<\/div>\n\t\t\t\t\t<\/div>\n\t\t<\/div>\n\t\t\t\t\t\t\t<\/div>\n\t\t<\/section>\n\t\t\t\t\t<\/div>\n\t\t<\/div>\n\t\t\t\t<div class=\"elementor-column elementor-col-25 elementor-top-column elementor-element elementor-element-41a95c1\" data-id=\"41a95c1\" data-element_type=\"column\">\n\t\t\t<div class=\"elementor-widget-wrap elementor-element-populated\">\n\t\t\t\t\t\t\t\t<section class=\"elementor-section elementor-inner-section elementor-element elementor-element-7cbc908 elementor-section-boxed elementor-section-height-default elementor-section-height-default\" data-id=\"7cbc908\" data-element_type=\"section\">\n\t\t\t\t\t\t<div class=\"elementor-container elementor-column-gap-default\">\n\t\t\t\t\t<div class=\"elementor-column elementor-col-100 elementor-inner-column elementor-element elementor-element-e873f1a elementor-invisible\" data-id=\"e873f1a\" data-element_type=\"column\" data-settings=\"{&quot;animation&quot;:&quot;fadeInUp&quot;}\">\n\t\t\t<div class=\"elementor-widget-wrap elementor-element-populated\">\n\t\t\t\t\t\t\t\t<div class=\"elementor-element elementor-element-651ee3e elementor-widget elementor-widget-image\" data-id=\"651ee3e\" data-element_type=\"widget\" data-widget_type=\"image.default\">\n\t\t\t\t<div class=\"elementor-widget-container\">\n\t\t\t\t\t\t\t\t\t\t\t\t\t\t\t\t<a href=\"https:\/\/wp.envatoextensions.com\/collection-20\/preview\/blog-details\/\">\n\t\t\t\t\t\t\t<img decoding=\"async\" width=\"300\" height=\"240\" src=\"https:\/\/www.famisalud.com.pe\/wordpress\/wp-content\/uploads\/2024\/01\/866855d6-92c1-47c9-9c00-9bec37460929-min-300x240.png\" class=\"attachment-medium size-medium wp-image-571\" alt=\"\" srcset=\"https:\/\/www.famisalud.com.pe\/wordpress\/wp-content\/uploads\/2024\/01\/866855d6-92c1-47c9-9c00-9bec37460929-min-300x240.png 300w, https:\/\/www.famisalud.com.pe\/wordpress\/wp-content\/uploads\/2024\/01\/866855d6-92c1-47c9-9c00-9bec37460929-min-1024x819.png 1024w, https:\/\/www.famisalud.com.pe\/wordpress\/wp-content\/uploads\/2024\/01\/866855d6-92c1-47c9-9c00-9bec37460929-min-768x614.png 768w, https:\/\/www.famisalud.com.pe\/wordpress\/wp-content\/uploads\/2024\/01\/866855d6-92c1-47c9-9c00-9bec37460929-min-1536x1228.png 1536w, https:\/\/www.famisalud.com.pe\/wordpress\/wp-content\/uploads\/2024\/01\/866855d6-92c1-47c9-9c00-9bec37460929-min-2048x1637.png 2048w\" sizes=\"(max-width: 300px) 100vw, 300px\" \/>\t\t\t\t\t\t\t\t<\/a>\n\t\t\t\t\t\t\t\t\t\t\t\t\t\t\t<\/div>\n\t\t\t\t<\/div>\n\t\t\t\t<div class=\"elementor-element elementor-element-889eda0 elementor-widget elementor-widget-heading\" data-id=\"889eda0\" data-element_type=\"widget\" data-widget_type=\"heading.default\">\n\t\t\t\t<div class=\"elementor-widget-container\">\n\t\t\t<h2 class=\"elementor-heading-title elementor-size-default\"><a href=\"https:\/\/www.famisalud.com.pe\/wordpress\/2024\/01\/12\/famisalud-recibe-la-visita-del-destacado-deportista-rolando-ricapa-arias-y-anuncia-participacion-en-la-presentacion-lima-corre-10k\/\">FamiSalud en alianza con la Municipalidad de Lima en \"Lima Corre 10K\"<\/a><\/h2>\t\t<\/div>\n\t\t\t\t<\/div>\n\t\t\t\t<div class=\"elementor-element elementor-element-be5d90a elementor-widget elementor-widget-text-editor\" data-id=\"be5d90a\" data-element_type=\"widget\" data-widget_type=\"text-editor.default\">\n\t\t\t\t<div class=\"elementor-widget-container\">\n\t\t\t\t\t\t\t<p>Conoce la visita destacada de Rolando Ricapa Arias a FamiSalud y ent\u00e9rate de nuestra participaci\u00f3n en la emocionante &#8216;Presentaci\u00f3n Lima Corre 10K&#8217;.\u00a0<\/p>\t\t\t\t\t\t<\/div>\n\t\t\t\t<\/div>\n\t\t\t\t\t<\/div>\n\t\t<\/div>\n\t\t\t\t\t\t\t<\/div>\n\t\t<\/section>\n\t\t\t\t\t<\/div>\n\t\t<\/div>\n\t\t\t\t<div class=\"elementor-column elementor-col-25 elementor-top-column elementor-element elementor-element-5fee4784\" data-id=\"5fee4784\" data-element_type=\"column\">\n\t\t\t<div class=\"elementor-widget-wrap elementor-element-populated\">\n\t\t\t\t\t\t\t\t<section class=\"elementor-section elementor-inner-section elementor-element elementor-element-5b22da4d elementor-section-boxed elementor-section-height-default elementor-section-height-default\" data-id=\"5b22da4d\" data-element_type=\"section\">\n\t\t\t\t\t\t<div class=\"elementor-container elementor-column-gap-default\">\n\t\t\t\t\t<div class=\"elementor-column elementor-col-100 elementor-inner-column elementor-element elementor-element-2cd4e183 elementor-invisible\" data-id=\"2cd4e183\" data-element_type=\"column\" data-settings=\"{&quot;animation&quot;:&quot;fadeInUp&quot;,&quot;animation_delay&quot;:100}\">\n\t\t\t<div class=\"elementor-widget-wrap elementor-element-populated\">\n\t\t\t\t\t\t\t\t<div class=\"elementor-element elementor-element-7f9e1b42 elementor-widget elementor-widget-image\" data-id=\"7f9e1b42\" data-element_type=\"widget\" data-widget_type=\"image.default\">\n\t\t\t\t<div class=\"elementor-widget-container\">\n\t\t\t\t\t\t\t\t\t\t\t\t\t\t\t\t<a href=\"https:\/\/wp.envatoextensions.com\/collection-20\/preview\/blog-details\/\">\n\t\t\t\t\t\t\t<img decoding=\"async\" width=\"300\" height=\"215\" src=\"https:\/\/www.famisalud.com.pe\/wordpress\/wp-content\/uploads\/2024\/01\/6acc0b21-a758-4fb6-a236-9abaa613eff0-300x215.png\" class=\"attachment-medium size-medium wp-image-605\" alt=\"\" srcset=\"https:\/\/www.famisalud.com.pe\/wordpress\/wp-content\/uploads\/2024\/01\/6acc0b21-a758-4fb6-a236-9abaa613eff0-300x215.png 300w, https:\/\/www.famisalud.com.pe\/wordpress\/wp-content\/uploads\/2024\/01\/6acc0b21-a758-4fb6-a236-9abaa613eff0-1024x734.png 1024w, https:\/\/www.famisalud.com.pe\/wordpress\/wp-content\/uploads\/2024\/01\/6acc0b21-a758-4fb6-a236-9abaa613eff0-768x550.png 768w, https:\/\/www.famisalud.com.pe\/wordpress\/wp-content\/uploads\/2024\/01\/6acc0b21-a758-4fb6-a236-9abaa613eff0-1536x1101.png 1536w, https:\/\/www.famisalud.com.pe\/wordpress\/wp-content\/uploads\/2024\/01\/6acc0b21-a758-4fb6-a236-9abaa613eff0-2048x1467.png 2048w\" sizes=\"(max-width: 300px) 100vw, 300px\" \/>\t\t\t\t\t\t\t\t<\/a>\n\t\t\t\t\t\t\t\t\t\t\t\t\t\t\t<\/div>\n\t\t\t\t<\/div>\n\t\t\t\t<div class=\"elementor-element elementor-element-3bbd08dc elementor-widget elementor-widget-heading\" data-id=\"3bbd08dc\" data-element_type=\"widget\" data-widget_type=\"heading.default\">\n\t\t\t\t<div class=\"elementor-widget-container\">\n\t\t\t<h2 class=\"elementor-heading-title elementor-size-default\"><a href=\"https:\/\/www.famisalud.com.pe\/wordpress\/2024\/01\/12\/el-dr-tomas-borda-elige-famisalud-para-su-examen-medico-para-brevete-un-reconocimiento-a-la-calidad-y-trayectoria\/\">El Dr. Tom\u00e1s Borda elige FamiSalud para su examen m\u00e9dico para brevete: un reconocimiento a la calidad y trayectoria<\/a><\/h2>\t\t<\/div>\n\t\t\t\t<\/div>\n\t\t\t\t<div class=\"elementor-element elementor-element-315dbe3f elementor-widget elementor-widget-text-editor\" data-id=\"315dbe3f\" data-element_type=\"widget\" data-widget_type=\"text-editor.default\">\n\t\t\t\t<div class=\"elementor-widget-container\">\n\t\t\t\t\t\t\t<p>Una mirada a la visita del reconocido m\u00e9dico y participante en Dr. TV a nuestra cl\u00ednica: Compromiso con la salud y seguridad vial.<\/p>\t\t\t\t\t\t<\/div>\n\t\t\t\t<\/div>\n\t\t\t\t\t<\/div>\n\t\t<\/div>\n\t\t\t\t\t\t\t<\/div>\n\t\t<\/section>\n\t\t\t\t\t<\/div>\n\t\t<\/div>\n\t\t\t\t<div class=\"elementor-column elementor-col-25 elementor-top-column elementor-element elementor-element-4f366f75\" data-id=\"4f366f75\" data-element_type=\"column\">\n\t\t\t<div class=\"elementor-widget-wrap elementor-element-populated\">\n\t\t\t\t\t\t\t\t<section class=\"elementor-section elementor-inner-section elementor-element elementor-element-4cb7cd80 elementor-section-boxed elementor-section-height-default elementor-section-height-default\" data-id=\"4cb7cd80\" data-element_type=\"section\">\n\t\t\t\t\t\t<div class=\"elementor-container elementor-column-gap-default\">\n\t\t\t\t\t<div class=\"elementor-column elementor-col-100 elementor-inner-column elementor-element elementor-element-13691ed2 elementor-invisible\" data-id=\"13691ed2\" data-element_type=\"column\" data-settings=\"{&quot;animation&quot;:&quot;fadeInUp&quot;,&quot;animation_delay&quot;:200}\">\n\t\t\t<div class=\"elementor-widget-wrap elementor-element-populated\">\n\t\t\t\t\t\t\t\t<div class=\"elementor-element elementor-element-2a34a6f2 elementor-widget elementor-widget-image\" data-id=\"2a34a6f2\" data-element_type=\"widget\" data-widget_type=\"image.default\">\n\t\t\t\t<div class=\"elementor-widget-container\">\n\t\t\t\t\t\t\t\t\t\t\t\t\t\t\t\t<a href=\"https:\/\/wp.envatoextensions.com\/collection-20\/preview\/blog-details\/\">\n\t\t\t\t\t\t\t<img loading=\"lazy\" decoding=\"async\" width=\"1024\" height=\"577\" src=\"https:\/\/www.famisalud.com.pe\/wordpress\/wp-content\/uploads\/2024\/01\/Promoviendo-el-chequeo-preventivo-EPS-hoy-y-consolidando-convenios-con-el-grupo-EFE-1-1024x577.png\" class=\"attachment-large size-large wp-image-625\" alt=\"\" srcset=\"https:\/\/www.famisalud.com.pe\/wordpress\/wp-content\/uploads\/2024\/01\/Promoviendo-el-chequeo-preventivo-EPS-hoy-y-consolidando-convenios-con-el-grupo-EFE-1-1024x577.png 1024w, https:\/\/www.famisalud.com.pe\/wordpress\/wp-content\/uploads\/2024\/01\/Promoviendo-el-chequeo-preventivo-EPS-hoy-y-consolidando-convenios-con-el-grupo-EFE-1-300x169.png 300w, https:\/\/www.famisalud.com.pe\/wordpress\/wp-content\/uploads\/2024\/01\/Promoviendo-el-chequeo-preventivo-EPS-hoy-y-consolidando-convenios-con-el-grupo-EFE-1-768x433.png 768w, https:\/\/www.famisalud.com.pe\/wordpress\/wp-content\/uploads\/2024\/01\/Promoviendo-el-chequeo-preventivo-EPS-hoy-y-consolidando-convenios-con-el-grupo-EFE-1-1536x865.png 1536w, https:\/\/www.famisalud.com.pe\/wordpress\/wp-content\/uploads\/2024\/01\/Promoviendo-el-chequeo-preventivo-EPS-hoy-y-consolidando-convenios-con-el-grupo-EFE-1.png 1640w\" sizes=\"(max-width: 1024px) 100vw, 1024px\" \/>\t\t\t\t\t\t\t\t<\/a>\n\t\t\t\t\t\t\t\t\t\t\t\t\t\t\t<\/div>\n\t\t\t\t<\/div>\n\t\t\t\t<div class=\"elementor-element elementor-element-129480c7 elementor-widget elementor-widget-heading\" data-id=\"129480c7\" data-element_type=\"widget\" data-widget_type=\"heading.default\">\n\t\t\t\t<div class=\"elementor-widget-container\">\n\t\t\t<h2 class=\"elementor-heading-title elementor-size-default\"><a href=\"https:\/\/www.famisalud.com.pe\/wordpress\/2024\/01\/12\/elementor-623\/\">Alianza estrat\u00e9gica de Cl\u00ednica FamiSalud con el Grupo EFE<\/a><\/h2>\t\t<\/div>\n\t\t\t\t<\/div>\n\t\t\t\t<div class=\"elementor-element elementor-element-1a7f6234 elementor-widget elementor-widget-text-editor\" data-id=\"1a7f6234\" data-element_type=\"widget\" data-widget_type=\"text-editor.default\">\n\t\t\t\t<div class=\"elementor-widget-container\">\n\t\t\t\t\t\t\t<p>Uniendo esfuerzos para promover la salud y el bienestar de sus colaboradores.<\/p>\t\t\t\t\t\t<\/div>\n\t\t\t\t<\/div>\n\t\t\t\t\t<\/div>\n\t\t<\/div>\n\t\t\t\t\t\t\t<\/div>\n\t\t<\/section>\n\t\t\t\t\t<\/div>\n\t\t<\/div>\n\t\t\t\t\t\t\t<\/div>\n\t\t<\/section>\n\t\t\t\t\t\t\t<\/div>\n\t\t","protected":false},"excerpt":{"rendered":"<p>Explora las \u00faltimas novedades en nuestro blog Descubre consejos de salud, noticias y m\u00e1s. FamiSalud presente en Lima Corre 10K: Por el 490 Aniversario de Lima FamiSalud estar\u00e1 presente en Lima Corre 10K, este domingo 19 de enero, en honor al 490 aniversario de nuestra capital. Prep\u00e1rate para descubrir los servicios y sorpresas que tenemos &hellip;<\/p>\n<p class=\"read-more\"> <a class=\"\" href=\"https:\/\/www.famisalud.com.pe\/wordpress\/blog\/\"> <span class=\"screen-reader-text\">Blog<\/span> Read More &raquo;<\/a><\/p>\n","protected":false},"author":1,"featured_media":0,"parent":0,"menu_order":0,"comment_status":"closed","ping_status":"closed","template":"","meta":{"site-sidebar-layout":"no-sidebar","site-content-layout":"","ast-site-content-layout":"full-width-container","site-content-style":"default","site-sidebar-style":"default","ast-global-header-display":"","ast-banner-title-visibility":"","ast-main-header-display":"","ast-hfb-above-header-display":"","ast-hfb-below-header-display":"","ast-hfb-mobile-header-display":"","site-post-title":"disabled","ast-breadcrumbs-content":"","ast-featured-img":"disabled","footer-sml-layout":"","theme-transparent-header-meta":"","adv-header-id-meta":"","stick-header-meta":"","header-above-stick-meta":"","header-main-stick-meta":"","header-below-stick-meta":"","astra-migrate-meta-layouts":"default","ast-page-background-enabled":"default","ast-page-background-meta":{"desktop":{"background-color":"var(--ast-global-color-4)","background-image":"","background-repeat":"repeat","background-position":"center center","background-size":"auto","background-attachment":"scroll","background-type":"","background-media":"","overlay-type":"","overlay-color":"","overlay-gradient":""},"tablet":{"background-color":"","background-image":"","background-repeat":"repeat","background-position":"center center","background-size":"auto","background-attachment":"scroll","background-type":"","background-media":"","overlay-type":"","overlay-color":"","overlay-gradient":""},"mobile":{"background-color":"","background-image":"","background-repeat":"repeat","background-position":"center center","background-size":"auto","background-attachment":"scroll","background-type":"","background-media":"","overlay-type":"","overlay-color":"","overlay-gradient":""}},"ast-content-background-meta":{"desktop":{"background-color":"var(--ast-global-color-5)","background-image":"","background-repeat":"repeat","background-position":"center center","background-size":"auto","background-attachment":"scroll","background-type":"","background-media":"","overlay-type":"","overlay-color":"","overlay-gradient":""},"tablet":{"background-color":"var(--ast-global-color-5)","background-image":"","background-repeat":"repeat","background-position":"center center","background-size":"auto","background-attachment":"scroll","background-type":"","background-media":"","overlay-type":"","overlay-color":"","overlay-gradient":""},"mobile":{"background-color":"var(--ast-global-color-5)","background-image":"","background-repeat":"repeat","background-position":"center center","background-size":"auto","background-attachment":"scroll","background-type":"","background-media":"","overlay-type":"","overlay-color":"","overlay-gradient":""}},"_joinchat":[],"footnotes":""},"class_list":["post-105","page","type-page","status-publish","hentry"],"aioseo_notices":[],"_links":{"self":[{"href":"https:\/\/www.famisalud.com.pe\/wordpress\/wp-json\/wp\/v2\/pages\/105","targetHints":{"allow":["GET"]}}],"collection":[{"href":"https:\/\/www.famisalud.com.pe\/wordpress\/wp-json\/wp\/v2\/pages"}],"about":[{"href":"https:\/\/www.famisalud.com.pe\/wordpress\/wp-json\/wp\/v2\/types\/page"}],"author":[{"embeddable":true,"href":"https:\/\/www.famisalud.com.pe\/wordpress\/wp-json\/wp\/v2\/users\/1"}],"replies":[{"embeddable":true,"href":"https:\/\/www.famisalud.com.pe\/wordpress\/wp-json\/wp\/v2\/comments?post=105"}],"version-history":[{"count":37,"href":"https:\/\/www.famisalud.com.pe\/wordpress\/wp-json\/wp\/v2\/pages\/105\/revisions"}],"predecessor-version":[{"id":1611,"href":"https:\/\/www.famisalud.com.pe\/wordpress\/wp-json\/wp\/v2\/pages\/105\/revisions\/1611"}],"wp:attachment":[{"href":"https:\/\/www.famisalud.com.pe\/wordpress\/wp-json\/wp\/v2\/media?parent=105"}],"curies":[{"name":"wp","href":"https:\/\/api.w.org\/{rel}","templated":true}]}}